{"id":189,"date":"2016-05-08T17:22:51","date_gmt":"2016-05-08T15:22:51","guid":{"rendered":"https:\/\/oceanwp.org\/gym\/?page_id=189"},"modified":"2024-02-06T11:52:11","modified_gmt":"2024-02-06T10:52:11","slug":"a-propos","status":"publish","type":"page","link":"http:\/\/allali-architectes.com\/index.php\/a-propos\/","title":{"rendered":"A Propos"},"content":{"rendered":"\t\t<div data-elementor-type=\"wp-post\" data-elementor-id=\"189\" class=\"elementor elementor-189\" data-elementor-settings=\"[]\">\n\t\t\t\t\t\t\t<div class=\"elementor-section-wrap\">\n\t\t\t\t\t\t\t<section class=\"elementor-section elementor-top-section elementor-element elementor-element-c46af3c elementor-section-full_width elementor-section-height-default elementor-section-height-default\" data-id=\"c46af3c\" data-element_type=\"section\" data-settings=\"{&quot;background_background&quot;:&quot;classic&quot;}\">\n\t\t\t\t\t\t\t<div class=\"elementor-background-overlay\"><\/div>\n\t\t\t\t\t\t\t<div class=\"elementor-container elementor-column-gap-default\">\n\t\t\t\t\t<div class=\"elementor-column elementor-col-100 elementor-top-column elementor-element elementor-element-8ffa779\" data-id=\"8ffa779\" data-element_type=\"column\">\n\t\t\t<div class=\"elementor-widget-wrap elementor-element-populated\">\n\t\t\t\t\t\t\t\t<section class=\"elementor-section elementor-inner-section elementor-element elementor-element-e3852f5 elementor-section-full_width elementor-section-height-default elementor-section-height-default\" data-id=\"e3852f5\" data-element_type=\"section\" data-settings=\"{&quot;background_background&quot;:&quot;classic&quot;}\">\n\t\t\t\t\t\t<div class=\"elementor-container elementor-column-gap-default\">\n\t\t\t\t\t<div class=\"elementor-column elementor-col-25 elementor-inner-column elementor-element elementor-element-dc88776\" data-id=\"dc88776\" data-element_type=\"column\">\n\t\t\t<div class=\"elementor-widget-wrap elementor-element-populated\">\n\t\t\t\t\t\t\t\t<div class=\"elementor-element elementor-element-0fbfd5d elementor-widget__width-inherit elementor-widget elementor-widget-image\" data-id=\"0fbfd5d\" data-element_type=\"widget\" data-widget_type=\"image.default\">\n\t\t\t\t<div class=\"elementor-widget-container\">\n\t\t\t\t\t\t\t\t\t\t\t\t\t\t\t<img loading=\"lazy\" decoding=\"async\" width=\"474\" height=\"462\" src=\"http:\/\/allali-architectes.com\/wp-content\/uploads\/2024\/02\/Jonathan-ALLALI.jpg\" class=\"attachment-ocean-thumb-m size-ocean-thumb-m\" alt=\"\" srcset=\"http:\/\/allali-architectes.com\/wp-content\/uploads\/2024\/02\/Jonathan-ALLALI.jpg 474w, http:\/\/allali-architectes.com\/wp-content\/uploads\/2024\/02\/Jonathan-ALLALI-300x292.jpg 300w\" sizes=\"auto, (max-width: 474px) 100vw, 474px\" \/>\t\t\t\t\t\t\t\t\t\t\t\t\t\t\t<\/div>\n\t\t\t\t<\/div>\n\t\t\t\t\t<\/div>\n\t\t<\/div>\n\t\t\t\t<div class=\"elementor-column elementor-col-25 elementor-inner-column elementor-element elementor-element-235bbe3\" data-id=\"235bbe3\" data-element_type=\"column\" data-settings=\"{&quot;background_background&quot;:&quot;classic&quot;}\">\n\t\t\t<div class=\"elementor-widget-wrap elementor-element-populated\">\n\t\t\t\t\t\t\t\t<div class=\"elementor-element elementor-element-1fc62fc elementor-absolute elementor-widget elementor-widget-heading\" data-id=\"1fc62fc\" data-element_type=\"widget\" data-settings=\"{&quot;_position&quot;:&quot;absolute&quot;}\" data-widget_type=\"heading.default\">\n\t\t\t\t<div class=\"elementor-widget-container\">\n\t\t\t<h2 class=\"elementor-heading-title elementor-size-xl\">Jonathan <BR>ALLALI\n<br>\n<br><br><br><br><br> <br><\/h2>\t\t<\/div>\n\t\t\t\t<\/div>\n\t\t\t\t\t<\/div>\n\t\t<\/div>\n\t\t\t\t<div class=\"elementor-column elementor-col-25 elementor-inner-column elementor-element elementor-element-359c075\" data-id=\"359c075\" data-element_type=\"column\">\n\t\t\t<div class=\"elementor-widget-wrap elementor-element-populated\">\n\t\t\t\t\t\t\t\t<div class=\"elementor-element elementor-element-ddd822f elementor-widget__width-inherit elementor-widget elementor-widget-image\" data-id=\"ddd822f\" data-element_type=\"widget\" data-widget_type=\"image.default\">\n\t\t\t\t<div class=\"elementor-widget-container\">\n\t\t\t\t\t\t\t\t\t\t\t\t\t\t\t<img loading=\"lazy\" decoding=\"async\" width=\"600\" height=\"600\" src=\"http:\/\/allali-architectes.com\/wp-content\/uploads\/2023\/11\/IMG_1752-600x600.jpg\" class=\"attachment-ocean-thumb-m size-ocean-thumb-m\" alt=\"\" srcset=\"http:\/\/allali-architectes.com\/wp-content\/uploads\/2023\/11\/IMG_1752-600x600.jpg 600w, http:\/\/allali-architectes.com\/wp-content\/uploads\/2023\/11\/IMG_1752-150x150.jpg 150w\" sizes=\"auto, (max-width: 600px) 100vw, 600px\" \/>\t\t\t\t\t\t\t\t\t\t\t\t\t\t\t<\/div>\n\t\t\t\t<\/div>\n\t\t\t\t\t<\/div>\n\t\t<\/div>\n\t\t\t\t<div class=\"elementor-column elementor-col-25 elementor-inner-column elementor-element elementor-element-da4e3b7\" data-id=\"da4e3b7\" data-element_type=\"column\" data-settings=\"{&quot;background_background&quot;:&quot;classic&quot;}\">\n\t\t\t<div class=\"elementor-widget-wrap elementor-element-populated\">\n\t\t\t\t\t\t\t\t<div class=\"elementor-element elementor-element-909fb12 elementor-widget__width-inherit elementor-widget elementor-widget-heading\" data-id=\"909fb12\" data-element_type=\"widget\" data-widget_type=\"heading.default\">\n\t\t\t\t<div class=\"elementor-widget-container\">\n\t\t\t<h2 class=\"elementor-heading-title elementor-size-default\">Architecte lib\u00e9ral, diplom\u00e9 de l'Ecole d'Architecture de Paris la Villette. Missions compl\u00e8tes de Ma\u00eetrise d'Oeuvre de conception et execution pour des projets de construction neuve, r\u00e9habilitation et am\u00e9nagements.<\/h2>\t\t<\/div>\n\t\t\t\t<\/div>\n\t\t\t\t\t<\/div>\n\t\t<\/div>\n\t\t\t\t\t\t\t<\/div>\n\t\t<\/section>\n\t\t\t\t<section class=\"elementor-section elementor-inner-section elementor-element elementor-element-bacb4a9 elementor-section-full_width elementor-section-height-default elementor-section-height-default\" data-id=\"bacb4a9\" data-element_type=\"section\">\n\t\t\t\t\t\t<div class=\"elementor-container elementor-column-gap-default\">\n\t\t\t\t\t<div class=\"elementor-column elementor-col-25 elementor-inner-column elementor-element elementor-element-99b5f56\" data-id=\"99b5f56\" data-element_type=\"column\" data-settings=\"{&quot;background_background&quot;:&quot;classic&quot;}\">\n\t\t\t<div class=\"elementor-widget-wrap elementor-element-populated\">\n\t\t\t\t\t\t\t\t<div class=\"elementor-element elementor-element-e4cf6a2 elementor-widget elementor-widget-heading\" data-id=\"e4cf6a2\" data-element_type=\"widget\" data-widget_type=\"heading.default\">\n\t\t\t\t<div class=\"elementor-widget-container\">\n\t\t\t<h2 class=\"elementor-heading-title elementor-size-default\">Architecte HMONP lib\u00e9ral\nLogements individuels et collectifs neufs\nR\u00e9habililtation b\u00e2timents Tertiaires - Architecture &amp; Energ\u00e9tique\nCommerces, Pharmacies, Restaurants, centres m\u00e9dicaux<\/h2>\t\t<\/div>\n\t\t\t\t<\/div>\n\t\t\t\t\t<\/div>\n\t\t<\/div>\n\t\t\t\t<div class=\"elementor-column elementor-col-25 elementor-inner-column elementor-element elementor-element-1a6369d\" data-id=\"1a6369d\" data-element_type=\"column\">\n\t\t\t<div class=\"elementor-widget-wrap elementor-element-populated\">\n\t\t\t\t\t\t\t\t<div class=\"elementor-element elementor-element-6b85269 elementor-widget__width-inherit elementor-widget elementor-widget-image\" data-id=\"6b85269\" data-element_type=\"widget\" data-widget_type=\"image.default\">\n\t\t\t\t<div class=\"elementor-widget-container\">\n\t\t\t\t\t\t\t\t\t\t\t\t\t\t\t<img loading=\"lazy\" decoding=\"async\" width=\"600\" height=\"600\" src=\"http:\/\/allali-architectes.com\/wp-content\/uploads\/2023\/11\/Perspective-rue-night-APD-600x600.jpg\" class=\"attachment-ocean-thumb-m size-ocean-thumb-m\" alt=\"\" srcset=\"http:\/\/allali-architectes.com\/wp-content\/uploads\/2023\/11\/Perspective-rue-night-APD-600x600.jpg 600w, http:\/\/allali-architectes.com\/wp-content\/uploads\/2023\/11\/Perspective-rue-night-APD-150x150.jpg 150w\" sizes=\"auto, (max-width: 600px) 100vw, 600px\" \/>\t\t\t\t\t\t\t\t\t\t\t\t\t\t\t<\/div>\n\t\t\t\t<\/div>\n\t\t\t\t\t<\/div>\n\t\t<\/div>\n\t\t\t\t<div class=\"elementor-column elementor-col-25 elementor-inner-column elementor-element elementor-element-ebaa401\" data-id=\"ebaa401\" data-element_type=\"column\" data-settings=\"{&quot;background_background&quot;:&quot;classic&quot;}\">\n\t\t\t<div class=\"elementor-widget-wrap elementor-element-populated\">\n\t\t\t\t\t\t\t\t<div class=\"elementor-element elementor-element-41bacc5 elementor-widget elementor-widget-heading\" data-id=\"41bacc5\" data-element_type=\"widget\" data-widget_type=\"heading.default\">\n\t\t\t\t<div class=\"elementor-widget-container\">\n\t\t\t<h2 class=\"elementor-heading-title elementor-size-default\">Collaboration Atelier Philippe JEAN Architecte R\u00e9habilitation et extension H\u00f4tel Potocki Square Foch Projets hoteliers au Mont-Saint-Michel - La M\u00e8re Poulard<\/h2>\t\t<\/div>\n\t\t\t\t<\/div>\n\t\t\t\t\t<\/div>\n\t\t<\/div>\n\t\t\t\t<div class=\"elementor-column elementor-col-25 elementor-inner-column elementor-element elementor-element-13832e3\" data-id=\"13832e3\" data-element_type=\"column\">\n\t\t\t<div class=\"elementor-widget-wrap elementor-element-populated\">\n\t\t\t\t\t\t\t\t<div class=\"elementor-element elementor-element-fdfeb71 elementor-widget__width-inherit elementor-widget elementor-widget-image\" data-id=\"fdfeb71\" data-element_type=\"widget\" data-widget_type=\"image.default\">\n\t\t\t\t<div class=\"elementor-widget-container\">\n\t\t\t\t\t\t\t\t\t\t\t\t\t\t\t<img loading=\"lazy\" decoding=\"async\" width=\"600\" height=\"600\" src=\"http:\/\/allali-architectes.com\/wp-content\/uploads\/2024\/02\/Photo-04-02-2024-12-55-29-600x600.jpg\" class=\"attachment-ocean-thumb-m size-ocean-thumb-m\" alt=\"\" srcset=\"http:\/\/allali-architectes.com\/wp-content\/uploads\/2024\/02\/Photo-04-02-2024-12-55-29-600x600.jpg 600w, http:\/\/allali-architectes.com\/wp-content\/uploads\/2024\/02\/Photo-04-02-2024-12-55-29-150x150.jpg 150w\" sizes=\"auto, (max-width: 600px) 100vw, 600px\" \/>\t\t\t\t\t\t\t\t\t\t\t\t\t\t\t<\/div>\n\t\t\t\t<\/div>\n\t\t\t\t\t<\/div>\n\t\t<\/div>\n\t\t\t\t\t\t\t<\/div>\n\t\t<\/section>\n\t\t\t\t<section class=\"elementor-section elementor-inner-section elementor-element elementor-element-d0821b2 elementor-section-full_width elementor-section-height-default elementor-section-height-default\" data-id=\"d0821b2\" data-element_type=\"section\">\n\t\t\t\t\t\t<div class=\"elementor-container elementor-column-gap-default\">\n\t\t\t\t\t<div class=\"elementor-column elementor-col-25 elementor-inner-column elementor-element elementor-element-3f0fc64\" data-id=\"3f0fc64\" data-element_type=\"column\">\n\t\t\t<div class=\"elementor-widget-wrap elementor-element-populated\">\n\t\t\t\t\t\t\t\t<div class=\"elementor-element elementor-element-89d50cc elementor-widget__width-inherit elementor-widget elementor-widget-image\" data-id=\"89d50cc\" data-element_type=\"widget\" data-widget_type=\"image.default\">\n\t\t\t\t<div class=\"elementor-widget-container\">\n\t\t\t\t\t\t\t\t\t\t\t\t\t\t\t<img loading=\"lazy\" decoding=\"async\" width=\"600\" height=\"600\" src=\"http:\/\/allali-architectes.com\/wp-content\/uploads\/2023\/11\/VILLEBON-Bougainvillee-Perspective-generale-ESQ-600x600.jpg\" class=\"attachment-ocean-thumb-m size-ocean-thumb-m\" alt=\"\" srcset=\"http:\/\/allali-architectes.com\/wp-content\/uploads\/2023\/11\/VILLEBON-Bougainvillee-Perspective-generale-ESQ-600x600.jpg 600w, http:\/\/allali-architectes.com\/wp-content\/uploads\/2023\/11\/VILLEBON-Bougainvillee-Perspective-generale-ESQ-150x150.jpg 150w\" sizes=\"auto, (max-width: 600px) 100vw, 600px\" \/>\t\t\t\t\t\t\t\t\t\t\t\t\t\t\t<\/div>\n\t\t\t\t<\/div>\n\t\t\t\t\t<\/div>\n\t\t<\/div>\n\t\t\t\t<div class=\"elementor-column elementor-col-25 elementor-inner-column elementor-element elementor-element-25425d1\" data-id=\"25425d1\" data-element_type=\"column\" data-settings=\"{&quot;background_background&quot;:&quot;classic&quot;}\">\n\t\t\t<div class=\"elementor-widget-wrap elementor-element-populated\">\n\t\t\t\t\t\t\t\t<div class=\"elementor-element elementor-element-64f034c elementor-widget elementor-widget-heading\" data-id=\"64f034c\" data-element_type=\"widget\" data-widget_type=\"heading.default\">\n\t\t\t\t<div class=\"elementor-widget-container\">\n\t\t\t<h2 class=\"elementor-heading-title elementor-size-default\">Chef de projet - Atelier DOLLE LABBE\n50 logements sociaux au V\u00e9sinet - CDC Habitat 98 logements sociaux - France Habitation\n152 logements sociaux \u00e0 Noisy - Immobili\u00e8re 3F<\/h2>\t\t<\/div>\n\t\t\t\t<\/div>\n\t\t\t\t\t<\/div>\n\t\t<\/div>\n\t\t\t\t<div class=\"elementor-column elementor-col-25 elementor-inner-column elementor-element elementor-element-d2bc9d1\" data-id=\"d2bc9d1\" data-element_type=\"column\">\n\t\t\t<div class=\"elementor-widget-wrap elementor-element-populated\">\n\t\t\t\t\t\t\t\t<div class=\"elementor-element elementor-element-9d14dbd elementor-widget__width-inherit elementor-widget elementor-widget-image\" data-id=\"9d14dbd\" data-element_type=\"widget\" data-widget_type=\"image.default\">\n\t\t\t\t<div class=\"elementor-widget-container\">\n\t\t\t\t\t\t\t\t\t\t\t\t\t\t\t<img loading=\"lazy\" decoding=\"async\" width=\"600\" height=\"600\" src=\"http:\/\/allali-architectes.com\/wp-content\/uploads\/2023\/10\/Photo-18-10-2023-13-44-28-600x600.jpg\" class=\"attachment-ocean-thumb-m size-ocean-thumb-m\" alt=\"\" srcset=\"http:\/\/allali-architectes.com\/wp-content\/uploads\/2023\/10\/Photo-18-10-2023-13-44-28-600x600.jpg 600w, http:\/\/allali-architectes.com\/wp-content\/uploads\/2023\/10\/Photo-18-10-2023-13-44-28-150x150.jpg 150w\" sizes=\"auto, (max-width: 600px) 100vw, 600px\" \/>\t\t\t\t\t\t\t\t\t\t\t\t\t\t\t<\/div>\n\t\t\t\t<\/div>\n\t\t\t\t\t<\/div>\n\t\t<\/div>\n\t\t\t\t<div class=\"elementor-column elementor-col-25 elementor-inner-column elementor-element elementor-element-994513a\" data-id=\"994513a\" data-element_type=\"column\" data-settings=\"{&quot;background_background&quot;:&quot;classic&quot;}\">\n\t\t\t<div class=\"elementor-widget-wrap elementor-element-populated\">\n\t\t\t\t\t\t\t\t<div class=\"elementor-element elementor-element-cfc0668 elementor-widget elementor-widget-heading\" data-id=\"cfc0668\" data-element_type=\"widget\" data-widget_type=\"heading.default\">\n\t\t\t\t<div class=\"elementor-widget-container\">\n\t\t\t<h2 class=\"elementor-heading-title elementor-size-large\">Clients: Amundi, Septime, Savills, Immobili\u00e8re 3F, MSM 1888, PPG, Serris REIM...<\/h2>\t\t<\/div>\n\t\t\t\t<\/div>\n\t\t\t\t\t<\/div>\n\t\t<\/div>\n\t\t\t\t\t\t\t<\/div>\n\t\t<\/section>\n\t\t\t\t\t<\/div>\n\t\t<\/div>\n\t\t\t\t\t\t\t<\/div>\n\t\t<\/section>\n\t\t\t\t\t\t<\/div>\n\t\t\t\t\t<\/div>\n\t\t","protected":false},"excerpt":{"rendered":"<p>Jonathan ALLALI Architecte lib\u00e9ral, diplom\u00e9 de l&#8217;Ecole d&#8217;Architecture de Paris la Villette. Missions compl\u00e8tes de Ma\u00eetrise d&#8217;Oeuvre de conception et execution pour des projets de construction neuve, r\u00e9habilitation et am\u00e9nagements. Architecte HMONP lib\u00e9ral Logements individuels et collectifs neufs R\u00e9habililtation b\u00e2timents Tertiaires &#8211; Architecture &amp; Energ\u00e9tique Commerces, Pharmacies, Restaurants, centres m\u00e9dicaux Collaboration Atelier Philippe JEAN Architecte [&hellip;]<\/p>\n","protected":false},"author":1,"featured_media":0,"parent":0,"menu_order":0,"comment_status":"closed","ping_status":"closed","template":"","meta":{"footnotes":""},"class_list":["post-189","page","type-page","status-publish","hentry","entry"],"_links":{"self":[{"href":"http:\/\/allali-architectes.com\/index.php\/wp-json\/wp\/v2\/pages\/189","targetHints":{"allow":["GET"]}}],"collection":[{"href":"http:\/\/allali-architectes.com\/index.php\/wp-json\/wp\/v2\/pages"}],"about":[{"href":"http:\/\/allali-architectes.com\/index.php\/wp-json\/wp\/v2\/types\/page"}],"author":[{"embeddable":true,"href":"http:\/\/allali-architectes.com\/index.php\/wp-json\/wp\/v2\/users\/1"}],"replies":[{"embeddable":true,"href":"http:\/\/allali-architectes.com\/index.php\/wp-json\/wp\/v2\/comments?post=189"}],"version-history":[{"count":135,"href":"http:\/\/allali-architectes.com\/index.php\/wp-json\/wp\/v2\/pages\/189\/revisions"}],"predecessor-version":[{"id":1716,"href":"http:\/\/allali-architectes.com\/index.php\/wp-json\/wp\/v2\/pages\/189\/revisions\/1716"}],"wp:attachment":[{"href":"http:\/\/allali-architectes.com\/index.php\/wp-json\/wp\/v2\/media?parent=189"}],"curies":[{"name":"wp","href":"https:\/\/api.w.org\/{rel}","templated":true}]}}